{"id":558,"date":"2018-02-09T22:00:18","date_gmt":"2018-02-09T21:00:18","guid":{"rendered":"http:\/\/mto-kr.pl\/?page_id=558"},"modified":"2018-02-09T22:00:18","modified_gmt":"2018-02-09T21:00:18","slug":"budki-legowe-dla-ptakow-zabezpieczone-przeciw-srokom","status":"publish","type":"page","link":"https:\/\/mto-kr.pl\/wp\/en\/budki-legowe-dla-ptakow-zabezpieczone-przeciw-srokom\/","title":{"rendered":"Budki l\u0119gowe dla ptak\u00f3w zabezpieczone przeciw srokom"},"content":{"rendered":"<p>Coraz liczniej wyst\u0119puj\u0105ce w naszych miastach sroki pustosz\u0105 l\u0119gi nie tylko ptak\u00f3w wij\u0105cych gniazda otwarte, takich jak kosy czy pokrzewki ale tak\u017ce ptak\u00f3w gnie\u017cd\u017c\u0105cych si\u0119 w budkach l\u0119gowych, szczelinach mur\u00f3w i innych zakamarkach, jak sikory i wr\u00f3ble. Polecamy budk\u0119 z przed\u0142u\u017conym przodem zabezpieczaj\u0105c\u0105 l\u0119g, zw\u0142aszcza piskl\u0119ta przed wybraniem ich przez sroki. Koszt takiej budki to ok. 40 z\u0142.<\/p>\n<p>tekst i zdj. Kazimierz Walasz<\/p>\n<p><a href=\"https:\/\/mto-kr.pl\/wp\/en\/dmdocuments\/budki_przeciw_srokom.pdf\/\" target=\"_blank\" rel=\"noopener\">pobierz artuku\u0142<\/a><\/p>\n<p>&nbsp;<\/p>\n<p><img loading=\"lazy\" decoding=\"async\" src=\"http:\/\/mto-kr.pl\/dmdocuments\/budki_przeciw_srokom_1.jpg\" width=\"399\" height=\"313\" \/><\/p>\n<p>&nbsp;<\/p>\n<p><img loading=\"lazy\" decoding=\"async\" src=\"http:\/\/mto-kr.pl\/dmdocuments\/budki_przeciw_srokom_2.jpg\" width=\"397\" height=\"312\" \/><\/p>\n<p>&nbsp;<\/p>\n<p><img loading=\"lazy\" decoding=\"async\" src=\"http:\/\/mto-kr.pl\/dmdocuments\/budki_przeciw_srokom_3.jpg\" width=\"401\" height=\"318\" \/><\/p>","protected":false},"excerpt":{"rendered":"<p>Coraz liczniej wyst\u0119puj\u0105ce w naszych miastach sroki pustosz\u0105 l\u0119gi nie tylko ptak\u00f3w wij\u0105cych gniazda otwarte, takich jak kosy czy pokrzewki ale tak\u017ce ptak\u00f3w gnie\u017cd\u017c\u0105cych si\u0119 w budkach l\u0119gowych, szczelinach mur\u00f3w i innych zakamarkach, jak sikory i wr\u00f3ble. Polecamy budk\u0119 z przed\u0142u\u017conym przodem zabezpieczaj\u0105c\u0105 l\u0119g, zw\u0142aszcza piskl\u0119ta przed wybraniem ich przez sroki. Koszt takiej budki to ok. 40 z\u0142. tekst i zdj. Kazimierz Walasz pobierz artuku\u0142 &nbsp; &nbsp; &nbsp; <a class=\"continue-reading-link\" href=\"https:\/\/mto-kr.pl\/wp\/en\/budki-legowe-dla-ptakow-zabezpieczone-przeciw-srokom\/\">Czytaj dalej&#8230;<\/a><\/p>","protected":false},"author":1,"featured_media":0,"parent":0,"menu_order":50,"comment_status":"closed","ping_status":"closed","template":"","meta":{"_monsterinsights_skip_tracking":false,"_monsterinsights_sitenote_active":false,"_monsterinsights_sitenote_note":"","_monsterinsights_sitenote_category":0,"footnotes":""},"class_list":["post-558","page","type-page","status-publish","hentry"],"_links":{"self":[{"href":"https:\/\/mto-kr.pl\/wp\/en\/wp-json\/wp\/v2\/pages\/558","targetHints":{"allow":["GET"]}}],"collection":[{"href":"https:\/\/mto-kr.pl\/wp\/en\/wp-json\/wp\/v2\/pages"}],"about":[{"href":"https:\/\/mto-kr.pl\/wp\/en\/wp-json\/wp\/v2\/types\/page"}],"author":[{"embeddable":true,"href":"https:\/\/mto-kr.pl\/wp\/en\/wp-json\/wp\/v2\/users\/1"}],"replies":[{"embeddable":true,"href":"https:\/\/mto-kr.pl\/wp\/en\/wp-json\/wp\/v2\/comments?post=558"}],"version-history":[{"count":1,"href":"https:\/\/mto-kr.pl\/wp\/en\/wp-json\/wp\/v2\/pages\/558\/revisions"}],"predecessor-version":[{"id":559,"href":"https:\/\/mto-kr.pl\/wp\/en\/wp-json\/wp\/v2\/pages\/558\/revisions\/559"}],"wp:attachment":[{"href":"https:\/\/mto-kr.pl\/wp\/en\/wp-json\/wp\/v2\/media?parent=558"}],"curies":[{"name":"wp","href":"https:\/\/api.w.org\/{rel}","templated":true}]}}