{"id":27,"date":"2018-01-04T19:18:21","date_gmt":"2018-01-04T18:18:21","guid":{"rendered":"https:\/\/mto-kr.pl\/wp\/?page_id=27"},"modified":"2018-01-11T23:33:09","modified_gmt":"2018-01-11T22:33:09","slug":"znalazlem-ptaka-co-robic","status":"publish","type":"page","link":"https:\/\/mto-kr.pl\/wp\/znalazlem-ptaka-co-robic\/","title":{"rendered":"Znalaz\u0142em ptaka &#8211; co robi\u0107?"},"content":{"rendered":"<p style=\"font-weight: 400; text-align: justify;\">To jest pytanie cz\u0119sto zadawane przyrodnikom przez ludzi, kt\u00f3rzy zobaczywszy samotnie siedz\u0105cego ptaszka zabieraj\u0105 go ze sob\u0105, s\u0105dz\u0105c, \u017ce potrzebuje ludzkiej pomocy. W wi\u0119kszo\u015bci przypadk\u00f3w tak jednak nie jest. Najcz\u0119\u015bciej znajdywane s\u0105 wiosn\u0105 i latem ptaki m\u0142ode, kt\u00f3re dopiero co opu\u015bci\u0142y gniazdo i s\u0142abo, lub prawie wcale nie lataj\u0105. M\u0142odego ptaka, tzw. podlota, mo\u017cna pozna\u0107 po kr\u00f3tkim ogonku, gdy\u017c cz\u0119sto ma niewyro\u015bni\u0119te jeszcze ster\u00f3wki czyli pi\u00f3ra ogona i po zajadach \u2013 \u017c\u00f3\u0142tawych zgrubieniach u nasady dzioba.<\/p>\n<p style=\"font-weight: 400;\"><em><img loading=\"lazy\" decoding=\"async\" class=\"alignnone\" src=\"http:\/\/www.mto-kr.pl\/images\/1_Znalazlem_ptaka_fot_E_Szumakowicz_1.jpg\" alt=\"Kpociuszek 08\" width=\"300\" height=\"200\" border=\"0\" \/><img loading=\"lazy\" decoding=\"async\" class=\"alignnone\" src=\"http:\/\/www.mto-kr.pl\/images\/1_Znalazlem_ptaka_fot_E_Szumakowicz_2.jpg\" alt=\"Kpociuszek 08\" width=\"329\" height=\"200\" border=\"0\" \/><\/em><\/p>\n<p style=\"font-weight: 400; text-align: left;\"><em>Na zdj\u0119ciu po lewej stronie dzi\u00f3b m\u0142odego ptaka, podlota, z zajadami (kopciuszka).<br \/>\nPo prawej stronie, g\u0142owa starszego ptaka, u nasady dzioba nie ma ju\u017c zajad\u00f3w.<\/em><\/p>\n<p style=\"font-weight: 400;\"><em><img loading=\"lazy\" decoding=\"async\" class=\"alignnone\" src=\"http:\/\/www.mto-kr.pl\/images\/1_Znalazlem_ptaka_fot_E_Szumakowicz_3.jpg\" alt=\"wrobliczka\" width=\"485\" height=\"386\" \/><\/em><\/p>\n<p style=\"font-weight: 400;\"><em>Cienki d\u0142ugi dziobek \u015bwiadczy o tym, \u017ce jest to ptak owado\u017cerny.<\/em><br \/>\n<em>Ptaki \u017cywi\u0105ce si\u0119 nasionami i ziarnem, tak zwane ziarnojady, maj\u0105 kr\u00f3tkie i grube dzioby, jak np. dobrze znane wr\u00f3ble \u2013 na zdj\u0119ciu doros\u0142a samiczka wr\u00f3bla.<\/em><\/p>\n<p style=\"font-weight: 400;\"><em><img loading=\"lazy\" decoding=\"async\" class=\"alignnone\" src=\"http:\/\/www.mto-kr.pl\/images\/1_Znalazlem_ptaka_fot_E_Szumakowicz_4.jpg\" alt=\"P1060555 kopc\" width=\"640\" height=\"542\" \/><\/em><\/p>\n<p style=\"font-weight: 400;\"><em>Nawet z daleka mo\u017cna po zajadach pozna\u0107, \u017ce ptak, tu owado\u017cerny kopciuszek, jest m\u0142ody, niedawno opu\u015bci\u0142 gniazdo i jest jeszcze karmiony przez rodzic\u00f3w.<br \/>\n<\/em><\/p>\n<p style=\"font-weight: 400; text-align: justify;\">Ptaki wielu gatunk\u00f3w, np. kosy, kwiczo\u0142y, kawki, sroki, wrony, pustu\u0142ki, sowy, opuszczaj\u0105 gniazda zanim s\u0105 zdolne do pe\u0142nosprawnego lotu. To jest naturalny cykl ich dojrzewania. S\u0105 to tak zwane podloty &#8211; ich lotki i ster\u00f3wki nie s\u0105 jeszcze dostatecznie wyro\u015bni\u0119te, ale ptaki s\u0105 ju\u017c zdolne do \u017cycia poza gniazdem. Nie zostaj\u0105 jednak pozostawione same sobie, ich rodzice nadal si\u0119 nimi opiekuj\u0105, przynosz\u0105 im pokarm. Podloty najcz\u0119\u015bciej chowaj\u0105 si\u0119 w trawie, w zaro\u015blach, czasem siedz\u0105 na ga\u0142\u0119ziach drzewa, ale nie grupk\u0105 jak w gnie\u017adzie, lecz pojedynczo, w rozproszeniu, ka\u017cdy z rodze\u0144stwa w innym miejscu. Jest to korzystne dla ich przetrwania. Je\u015bli nawet dostrzeg\u0142by je jaki\u015b drapie\u017cnik, istnieje du\u017ce prawdopodobie\u0144stwo, \u017ce jego \u0142upem nie padn\u0105 wszystkie m\u0142ode, jak mog\u0142oby to mie\u0107 miejsce, gdyby by\u0142y razem w gnie\u017adzie.<\/p>\n<p><img loading=\"lazy\" decoding=\"async\" class=\"alignnone\" src=\"http:\/\/www.mto-kr.pl\/images\/1_Znalazlem_ptaka_fot_E_Szumakowicz_5.jpg\" alt=\"Kwiczo\u0142ki 13\" width=\"319\" height=\"240\" border=\"0\" \/><img loading=\"lazy\" decoding=\"async\" class=\"alignnone\" src=\"http:\/\/www.mto-kr.pl\/images\/1_Znalazlem_ptaka_fot_E_Szumakowicz_6.jpg\" alt=\"Kwiczo\u0142ki 13\" width=\"290\" height=\"239\" border=\"0\" \/><\/p>\n<p style=\"font-weight: 400;\"><em>Podloty kwiczo\u0142\u00f3w czekaj\u0105 na rodzic\u00f3w \u2013 jedno z rodze\u0144stwa na ga\u0142\u0119zi drzewka, drugie na ziemi w trawie.<\/em><\/p>\n<p style=\"font-weight: 400; text-align: justify;\">W\u0142a\u015bnie dlatego id\u0105c przez park czy ogr\u00f3d mo\u017cemy zobaczy\u0107 pojedynczego ptaszka sprawiaj\u0105cego wra\u017cenie sieroty. Tymczasem czeka on na pojawienie si\u0119 rodzic\u00f3w, by zacz\u0105\u0107 nawo\u0142ywa\u0107 i prosi\u0107 o pokarm. Je\u015bli tylko starczy nam cierpliwo\u015bci i poobserwujemy z daleka przez chwil\u0119, zobaczymy, \u017ce ptasi rodzice nie zapominaj\u0105 o swoich dzieciach i przylatuj\u0105 do ka\u017cdego z osobna z dziobami pe\u0142nymi pokarmu, karmi\u0105 je, a jednocze\u015bnie pokazuj\u0105, jak zdobywa\u0107 pokarm, ostrzegaj\u0105 przed niebezpiecze\u0144stwem, wskazuj\u0105c zarazem, co jest gro\u017ane. Tego cz\u0142owiek nie jest w stanie nauczy\u0107 ptaka zabranego z jego \u015brodowiska naturalnego. Tote\u017c, je\u015bli spotkamy takiego podlota, zostawmy go w spokoju, nie zabierajmy ze sob\u0105, on nie potrzebuje naszej pomocy. Je\u015bli jednak ju\u017c zabrali\u015bmy z niewiedzy i troski napotkanego podlota do domu &#8211; odnie\u015bmy go jak najszybciej w to miejsce, gdzie zosta\u0142 znaleziony. Rodzice na pewno go zaakceptuj\u0105 &#8211; ptaki nie maj\u0105 takiego w\u0119chu, kt\u00f3ry pozwala\u0142by im wykry\u0107 zapach ludzkiej r\u0119ki. Podobnie, je\u015bli pies przyniesie nam z\u0142apanego ptaka, obejrzyjmy go dok\u0142adnie i je\u015bli tylko nie ma zranie\u0144 skrzyde\u0142 i n\u00f3g zanie\u015bmy ptaka jak najszybciej (do godziny) w miejsce gdzie przypuszczalnie zosta\u0142 z\u0142apany i pozostawmy go na ziemi pod os\u0142on\u0105 krzewu lub innych zaro\u015bli.<\/p>\n<p><img decoding=\"async\" src=\"http:\/\/www.mto-kr.pl\/images\/1_Znalazlem_ptaka_fot_E_Szumakowicz_7.jpg\" alt=\"Kos 13\" \/><\/p>\n<p style=\"font-weight: 400;\"><em>Gdy m\u0142ody ptak, tak jak ten podlot kosa, znajdzie si\u0119 blisko drogi lub w miejscu dla niego\u00a0 niebezpiecznym,\u00a0 powinni\u015bmy\u00a0 albo \u201eprzegoni\u0107\u201d go w g\u0142\u0105b trawnika, w zaro\u015bla, albo nawet przenie\u015b\u0107 w r\u0119ku i posadzi\u0107 na ga\u0142\u0119zi krzaka oddalonego od drogi.<\/em><\/p>\n<p style=\"font-weight: 400; text-align: justify;\">Je\u015bli uznamy, \u017ce ptak znajduje si\u0119 w miejscu niebezpiecznym, np. na ulicy, na chodniku, w miejscu gdzie biegaj\u0105 psy lub bawi\u0105 si\u0119 dzieci, mo\u017cemy go bez l\u0119ku przenie\u015b\u0107 nieco dalej i umie\u015bci\u0107 w zaro\u015blach, lub posadzi\u0107 na ga\u0142\u0119zi drzewa, krzewu, gdzie\u015b wy\u017cej. Rodzice na pewno go znajd\u0105 &#8211; by\u0107 mo\u017ce b\u0119d\u0105 obserwowa\u0107 ca\u0142e zdarzenie z pewnej odleg\u0142o\u015bci i po pewnym czasie zaczn\u0105 si\u0119 nawo\u0142ywa\u0107. Tak\u017ce podlot, je\u015bli b\u0119dzie d\u0142ugo czeka\u0142 na swoich rodzic\u00f3w zacznie wydawa\u0107 d\u017awi\u0119ki maj\u0105ce przywo\u0142a\u0107 rodzic\u00f3w i wskaza\u0107 im miejsce gdzie przebywa.<\/p>\n<p style=\"font-weight: 400;\"><em><img decoding=\"async\" src=\"http:\/\/www.mto-kr.pl\/images\/1_Znalazlem_ptaka_fot_E_Szumakowicz_8.jpg\" alt=\"Wilg\" \/><\/em><\/p>\n<p style=\"font-weight: 400;\"><em>Prawdopodobnie ta wilga zosta\u0142a niepotrzebnie zabrana ze swego \u015brodowiska. M\u0142ode wilgi opuszczaj\u0105 gniazdo nie umiej\u0105c jeszcze lata\u0107 i w ga\u0142\u0119ziach drzewa s\u0105 karmione przez rodzic\u00f3w. Czasem zdarza si\u0119, \u017ce taki podlot spadnie, nie robi\u0105c sobie krzywdy i skacze po ziemi. Mo\u017cna mu pom\u00f3c, sadzaj\u0105c go jak najwy\u017cej na ga\u0142\u0119zi drzewa. Zabrany i wychowany w azylu przez cz\u0142owieka ma mniejsze szanse na prze\u017cycie w naturze.<\/em><\/p>\n<p style=\"font-weight: 400; text-align: justify;\">Je\u015bli natomiast znajdziemy piskl\u0119 nie w pe\u0142ni opierzone &#8211; poszukajmy przede wszystkim w pobli\u017cu gniazda, z kt\u00f3rego mog\u0142o wypa\u015b\u0107 i o ile to jest mo\u017cliwe, w\u0142\u00f3\u017cmy piskl\u0119 z powrotem do gniazda. Na pewno nie zostanie odrzucone, a raczej nakarmione w pierwszej kolejno\u015bci. Du\u017cy problem mo\u017ce sprawi\u0107 gniazdo z ma\u0142ymi piskl\u0119tami, kt\u00f3re z jakich\u015b powod\u00f3w oderwa\u0142o si\u0119 ze \u015bciany budynku, spad\u0142o z drzewa, itp. Je\u015bli gniazdo nie uleg\u0142o wi\u0119kszemu zniszczeniu, nale\u017cy spr\u00f3bowa\u0107 umie\u015bci\u0107 je w tym samym miejscu lub pobli\u017cu tego miejsca \u2013 doros\u0142e ptaki powinny je odnale\u017a\u0107 i karmi\u0107 m\u0142ode. Nale\u017cy przez pewien czas obserwowa\u0107 czy doros\u0142e podj\u0119\u0142y karmienie.<\/p>\n<p style=\"font-weight: 400; text-align: justify;\">Dotyczy to tak\u017ce gniazd jask\u00f3\u0142ek \u2013 je\u015bli jest dost\u0119p do miejsca, z kt\u00f3rego gniazdo odpad\u0142o, mo\u017cna spr\u00f3bowa\u0107 zrobi\u0107 gniazdo zast\u0119pcze z jakiego\u015b niewielkiego pojemnika, pude\u0142ka zbli\u017conego wielko\u015bci\u0105 do gniazda i przymocowa\u0107 je (np. gwo\u017adziem lub odpowiednim klejem) w miejscu, gdzie by\u0142o oryginalne gniazdo, lub jak najbli\u017cej tego miejsca, po czym w\u0142o\u017cy\u0107 do niego resztki starego gniazda z piskl\u0119tami. Jest pewna szansa, \u017ce doros\u0142e zaakceptuj\u0105 to i b\u0119d\u0105 nadal opiekowa\u0107 si\u0119 piskl\u0119tami. Nale\u017cy obserwowa\u0107 przez d\u0142u\u017cszy czas, czy rodzice podj\u0119li regularne karmienie \u2013 je\u015bli doros\u0142e ptaki nie zaakceptowa\u0142y takiej zmiany, piskl\u0119ta musz\u0105 trafi\u0107 pod opiek\u0119 ludzi.<\/p>\n<p style=\"font-weight: 400; text-align: justify;\">Pod opiek\u0119 cz\u0142owieka mo\u017cna zabra\u0107 tylko ptaki ranne, nieopierzone &#8211; je\u015bli nie zosta\u0142o odnalezione gniazdo lub nie ma mo\u017cliwo\u015bci, by w\u0142o\u017cy\u0107 piskl\u0119 do gniazda, w przypadku, gdy doros\u0142e ptaki po interwencji cz\u0142owieka nie podj\u0119\u0142y karmienia oraz gdy wiemy, \u017ce rodzice m\u0142odego, niesamodzielnego ptaka nie \u017cyj\u0105.<\/p>\n<p style=\"font-weight: 400; text-align: justify;\">Szczeg\u00f3lna jest te\u017c sytuacja znalezionych jerzyk\u00f3w. Jerzyk znaleziony na ziemi z regu\u0142y potrzebuje pomocy cz\u0142owieka. Jest to najcz\u0119\u015bciej albo doros\u0142y ptak, kt\u00f3ry dozna\u0142 kontuzji, albo m\u0142ody, kt\u00f3ry za wcze\u015bnie wyskoczy\u0142 z gniazda i nie potrafi jeszcze fruwa\u0107. Takiego m\u0142odego ptaka, kt\u00f3ry znalaz\u0142 si\u0119 na ziemi, rodzice nie b\u0119d\u0105 karmi\u0107, wi\u0119c zdany jest on na ludzk\u0105 pomoc.<\/p>\n<p><img decoding=\"async\" src=\"http:\/\/www.mto-kr.pl\/images\/1_Znalazlem_ptaka_fot_E_Szumakowicz_9.jpg\" alt=\"Zdj\u0119cie023\" \/><\/p>\n<p style=\"font-weight: 400; text-align: justify;\">W przypadku znalezienia doros\u0142ego jerzyka lub m\u0142odego z wyro\u015bni\u0119tymi lotkami nale\u017cy sprawdzi\u0107 czy ptak nie jest ranny, a je\u015bli nie wida\u0107 \u017cadnych obra\u017ce\u0144, to trzeba przetestowa\u0107 czy przyczyn\u0105 upadku ptaka by\u0142a chwilowa niedyspozycja wynikaj\u0105ca z os\u0142abienia, dezorientacji lub zderzenia z jak\u0105\u015b przeszkod\u0105, czy te\u017c d\u0142u\u017csza niezdolno\u015b\u0107 do lotu. W tym celu nale\u017cy po\u0142o\u017cy\u0107 jerzyka na otwartej, podniesionej wysoko d\u0142oni i zaczeka\u0107 chwil\u0119, czy podejmie pr\u00f3b\u0119 lotu. Nie trzeba podrzuca\u0107 ptaka. Je\u015bli jerzyk nie zechce wzlecie\u0107, lub poleci na niewielk\u0105 odleg\u0142o\u015b\u0107 i spadnie ponownie, nale\u017cy go zabra\u0107 i zapewni\u0107 mu spok\u00f3j i ciep\u0142o. Wskazane jest zwa\u017cenie ptaka na wadze o dok\u0142adno\u015bci 1 grama \u2013 minimalna waga doros\u0142ego jerzyka wynosi 41 gram\u00f3w. Jerzyka trzeba napoi\u0107 i nakarmi\u0107 (patrz rozdz.\u00a0<b><a href=\"https:\/\/mto-kr.pl\/wp\/szczegolne-wymagania-w-opiece-nad-niektorymi-gatunkami\/\">\u201eSzczeg\u00f3lne wymagania\u2026\u201d<\/a><\/b>), a po pewnym czasie (po kilku godzinach, po nocy) podj\u0105\u0107 pr\u00f3b\u0119 ponownego wypuszczenia. Je\u015bli jerzyk nadal nie odleci, konieczne b\u0119dzie oddanie go pod specjalistyczn\u0105 opiek\u0119 \u2013 je\u015bli to mo\u017cliwe do azylu lub do do\u015bwiadczonej osoby, gdy\u017c opieka nad tym gatunkiem jest wyj\u0105tkowo trudna. Osoby, kt\u00f3re nie maj\u0105 \u017cadnej mo\u017cliwo\u015bci szybkiego przekazania jerzyka do specjalistycznego o\u015brodka i same podejm\u0105 si\u0119 opieki, powinny skrupulatnie przestrzega\u0107 zalece\u0144 zamieszczonych na naszej stronie: odpowiednie wskaz\u00f3wki post\u0119powania z jerzykami zawarte s\u0105 w specjalnej instrukcji w rozdz. \u201eJerzyki\u201d w cz\u0119\u015bci\u00a0<b><a href=\"https:\/\/mto-kr.pl\/wp\/szczegolne-wymagania-w-opiece-nad-niektorymi-gatunkami\/\">\u201eSzczeg\u00f3lne wymagania w opiece nad niekt\u00f3rymi gatunkami\u201d<\/a><\/b>.<\/p>\n<p style=\"font-weight: 400; text-align: justify;\">Pierwszym najwa\u017cniejszym dzia\u0142aniem w przypadku znalezienia m\u0142odego ptaka jest zapewnienie mu odpowiedniej temperatury. Piskl\u0119ta nabywaj\u0105 zdolno\u015bci do utrzymywania wysokiej temperatury cia\u0142a (u ptak\u00f3w wynosi ona ok. 40<sup>o<\/sup>C) dopiero ok. 7 dnia \u017cycia. Piskl\u0119ta pozbawione pi\u00f3r nie potrafi\u0105 utrzyma\u0107 temperatury cia\u0142a i nawet gdy s\u0105 karmione, zgina je\u015bli nie b\u0119d\u0105 ogrzewane. Takiego ptaka mo\u017cna natychmiast zacz\u0105\u0107 ogrzewa\u0107 w r\u0119kach, a nast\u0119pnie umie\u015bci\u0107 go w niewielkim tekturowym pude\u0142ku wy\u015bcielonym we\u0142nian\u0105 lub polarow\u0105 tkanin\u0105 (tak\u0105, z kt\u00f3rej nie wystrz\u0119piaj\u0105 si\u0119 nici, aby ptak nie zapl\u0105ta\u0142 sobie n\u00f3\u017cki). Nieopierzone piskl\u0119 przed umieszczeniem w pude\u0142ku mo\u017cna wsun\u0105\u0107 cz\u0119\u015bciowo w lekko ogrzan\u0105 r\u0119kawiczk\u0119 lub skarpetk\u0119. Pude\u0142ko-gniazdko trzeba postawi\u0107 w ciep\u0142ym miejscu, przy butelce z ciep\u0142\u0105 wod\u0105 lub pod lampk\u0105 ze s\u0142ab\u0105 \u017car\u00f3wk\u0105 (odleg\u0142o\u015b\u0107 \u017car\u00f3wki od gniazda: oko\u0142o 20 \u2013 30 cm), a obok zawiesi\u0107 mokry r\u0119cznik, by nawil\u017ca\u0107 powietrze w bezpo\u015bredniej blisko\u015bci piskl\u0119cia. W gniazdku ma by\u0107 ciep\u0142o, nie gor\u0105co, temperatura oko\u0142o 35<sup>o<\/sup>C (szczeg\u00f3\u0142y patrz w:\u00a0<b><a href=\"https:\/\/mto-kr.pl\/wp\/opieka-nad-piskleciem-i-podlotem\/\">\u201eOpieka nad piskl\u0119ciem i podlotem\u201d<\/a><\/b>).<\/p>\n<p style=\"font-weight: 400; text-align: justify;\">Nast\u0119pn\u0105 czynno\u015bci\u0105, jest napojenie znalezionego ptaka letni\u0105 wod\u0105. (patrz\u00a0<b><a href=\"https:\/\/mto-kr.pl\/wp\/opieka-nad-piskleciem-i-podlotem\/\">\u201eOpieka nad piskl\u0119ciem i podlotem\u201d<\/a><\/b>).<\/p>\n<p style=\"font-weight: 400; text-align: justify;\">Je\u015bli ptak jest ranny, ma jakie\u015b obra\u017cenia zewn\u0119trzne lub wydaje si\u0119 nam, \u017ce jest chory, konieczne jest udanie si\u0119 z nim do weterynarza, najlepiej takiego, kt\u00f3ry ma do\u015bwiadczenie w leczeniu ptak\u00f3w. W przypadku, gdy ptak ma uszkodzone skrzyd\u0142o, dobrze jest umie\u015bci\u0107 go jak najszybciej w nieco przyciasnym pude\u0142ku, \u017ceby nie m\u00f3g\u0142 rusza\u0107 skrzyd\u0142ami i zawie\u017a\u0107 do lecznicy. Kto czuje si\u0119 na si\u0142ach, mo\u017ce z\u0142amane skrzyd\u0142o unieruchomi\u0107 na czas transportu, zw\u0142aszcza gdy ptak jest niespokojny: w tym celu owija si\u0119 grubszym banda\u017cem u\u0142o\u017cone w spos\u00f3b naturalny skrzyd\u0142o i tu\u0142\u00f3w, tak by skrzyd\u0142o by\u0142o przymocowane do tu\u0142owia, ale uwa\u017caj\u0105c, by ptak nie by\u0142 mocno \u015bci\u015bni\u0119ty. Je\u015bli jednocze\u015bnie jest otwarta rana, przed banda\u017cowaniem nale\u017cy j\u0105 zabezpieczy\u0107 ja\u0142owym gazikiem. To jest tylko zabezpieczenie tymczasowe, a w\u0142a\u015bciwy opatrunek musi zrobi\u0107 osoba do\u015bwiadczona, bo od prawid\u0142owego unieruchomienia z\u0142amanego skrzyd\u0142a lub nogi zale\u017cy, czy ptak b\u0119dzie m\u00f3g\u0142 odzyska\u0107 sprawno\u015b\u0107.<\/p>\n<p style=\"font-weight: 400; text-align: justify;\">Rannego ptaka przetrzymuje si\u0119 i przewozi w niewielkim pude\u0142ku tekturowym z otworkami dla dost\u0119pu powietrza: pude\u0142ko powinno by\u0107 takie, by ptak swobodnie si\u0119 w nim mie\u015bci\u0142, ale by nie m\u00f3g\u0142 si\u0119 zbyt mocno rusza\u0107, rozk\u0142ada\u0107 skrzyde\u0142, podskakiwa\u0107. Konsultacja z weterynarzem jest te\u017c konieczna, gdy ptak zosta\u0142 poraniony przez kota, nawet je\u015bli s\u0105 to ca\u0142kiem niegro\u017anie wygl\u0105daj\u0105ce zadra\u015bni\u0119cia. W \u015blinie kota znajduj\u0105 si\u0119 drobnoustroje, kt\u00f3re dostawszy si\u0119 do organizmu ptaka, mog\u0105 w przeci\u0105gu kilku dni doprowadzi\u0107 do jego \u015bmierci. Zraniony przez kota ptak musi jak najszybciej dosta\u0107 odpowiedni antybiotyk.<\/p>\n<p style=\"font-weight: 400;\"><em><img decoding=\"async\" src=\"http:\/\/www.mto-kr.pl\/images\/1_Znalazlem_ptaka_fot_E_Szumakowicz_10.jpg\" alt=\"Kpociuszek z opatrunkiem08\" \/><\/em><\/p>\n<p style=\"font-weight: 400;\"><em>M\u0142ode, nie potrafi\u0105ce jeszcze sprawnie lata\u0107 ptaki, cz\u0119sto padaj\u0105 ofiar\u0105 kot\u00f3w. Nawet niewielkie rany zadane przez kota s\u0105 \u015bmiertelnie niebezpieczne dla ptak\u00f3w. Temu m\u0142odemu kopciuszkowi, zranionemu przez kota, \u017cycie uratowa\u0142o szybkie podanie antybiotyku, a sprawno\u015b\u0107 odzyska\u0142 dzi\u0119ki dobrze za\u0142o\u017conemu przez weterynarza opatrunkowi i dodatkowemu leczeniu farmakologicznemu.<\/em><\/p>\n<p style=\"font-weight: 400; text-align: justify;\">Ptaki og\u0142uszone po zderzeniu z tward\u0105 powierzchni\u0105 trzeba umie\u015bci\u0107 w kartonowym zakrytym pude\u0142ku z otworami do wentylacji i postawi\u0107 w ciep\u0142ym, spokojnym miejscu (nie dogrzewa\u0107!). Je\u015bli uderzenie nie by\u0142o zbyt silne, ptak po kilkugodzinnym odpoczynku odzyskuje si\u0142y i, ewentualnie po napojeniu, mo\u017ce by\u0107 wypuszczony na wolno\u015b\u0107. Czasem na odzyskanie pe\u0142nej sprawno\u015bci potrzebuje dnia lub dw\u00f3ch i wtedy, oczywi\u015bcie po odzyskaniu przytomno\u015bci, musi by\u0107 karmiony (patrz\u00a0<b><a href=\"https:\/\/mto-kr.pl\/wp\/opieka-nad-piskleciem-i-podlotem\/\">\u201eOpieka nad piskl\u0119ciem i podlotem\u201d<\/a><\/b>). Je\u015bli ptak jest sparali\u017cowany, potrzebna jest wizyta u weterynarza, kt\u00f3ry oceni szanse na wyleczenie i poda odpowiednie lekarstwa.<\/p>\n<p style=\"font-weight: 400;\"><span style=\"color: #ff0000;\"><strong>Uwaga: Zabieranie ze \u015brodowiska naturalnego zdrowych, sprawnych dzikich ptak\u00f3w jest prawnie zabronione!<\/strong><\/span><\/p>\n<p style=\"font-weight: 400; text-align: justify;\">Je\u015bli po rozwa\u017ceniu wszystkich okoliczno\u015bci uznajesz, \u017ce znaleziony ptak wymaga ludzkiej pomocy, to oddaj go jak najszybciej do specjalistycznego o\u015brodka, azylu dla ptak\u00f3w, gdzie b\u0119dzie mia\u0142 fachow\u0105 opiek\u0119 i zostanie odpowiednio przygotowany do powrotu na wolno\u015b\u0107. Cho\u0107, niestety, takie o\u015brodki s\u0105 w Polsce nieliczne, nale\u017cy do\u0142o\u017cy\u0107 wszelkich stara\u0144, by potrzebuj\u0105cy ptak trafi\u0142 do kt\u00f3rego\u015b z nich. Adresy plac\u00f3wek, kt\u00f3re mog\u0105 s\u0142u\u017cy\u0107 pomoc\u0105 i rad\u0105 znajduj\u0105 si\u0119 w dziale\u00a0<b><a href=\"https:\/\/mto-kr.pl\/wp\/ptasie-lecznice-i-azyle\/\">\u201ePtasie lecznice i azyle\u201d<\/a><\/b>.<\/p>\n<p style=\"font-weight: 400; text-align: justify;\">Porady zamieszczone na naszej stronie s\u0105 jedynie wskaz\u00f3wk\u0105 jak post\u0119powa\u0107 ze znalezionym ptakiem do czasu oddania go pod opiek\u0119 specjalist\u00f3w. Przetrzymywanie ptak\u00f3w przez osoby bez odpowiednich uprawnie\u0144 jest zabronione.<\/p>\n<p style=\"font-weight: 400; text-align: justify;\">Je\u015bli nie wiesz, lub nie jeste\u015b pewien do jakiego gatunku nale\u017cy znaleziony ptak, zr\u00f3b mu zdj\u0119cie (nawet aparatem w telefonie) i prze\u015blij je mailem z pro\u015bb\u0105 o oznaczenie gatunku na adres:\u00a0<b><a href=\"mailto:sekretariat@mto-kr.pl\">sekretariat@mto-kr.pl<\/a><\/b>.<b><\/b><\/p>\n<p style=\"text-align: justify;\">W razie pilnych sytuacji zadzwo\u0144 na podany na stronie telefon kontaktowy i prze\u015blij zdj\u0119cie MMS-em. Po porad\u0119 czym i jak karmi\u0107 danego ptaka mo\u017cesz si\u0119 zwr\u00f3ci\u0107 do os\u00f3b lub o\u015brodk\u00f3w zajmuj\u0105cych si\u0119 odchowywaniem dzikich ptak\u00f3w:<\/p>\n<p><strong>\u201ePtasi Azyl\u201d O\u015brodek Rehabilitacji Ptak\u00f3w Chronionych<\/strong><br \/>\nul. Ratuszowa 1\/3<br \/>\nWarszawa<br \/>\nTel. 22 670 22 07<br \/>\n<b><a href=\"mailto:azyl@zoo.waw.pl\">azyl@zoo.waw.pl<\/a><\/b><br \/>\n<b><a href=\"http:\/\/ptasiazyl.zoo.waw.pl\/\">http:\/\/ptasiazyl.zoo.waw.pl<\/a><\/b><\/p>\n<p>Adresy innych o\u015brodk\u00f3w znajdziesz na naszej stronie:<br \/>\n<b><\/b><\/p>\n<ul>\n<li><a href=\"https:\/\/mto-kr.pl\/wp\/ptasie-azyle-polska\/\">Ptasie lecznice i azyle &#8211; Polska<\/a><\/li>\n<li><a href=\"https:\/\/mto-kr.pl\/wp\/ptasie-azyle-krakow\/\">Ptasie lecznice i azyle &#8211; Krak\u00f3w<\/a><\/li>\n<\/ul>\n<p style=\"font-weight: 400; text-align: right;\">Opracowanie: Ewa Szumakowicz<br \/>\nKonsultacja: Kazimierz Walasz<br \/>\nZdj\u0119cia: Ewa Szumakowicz<\/p>\n<p style=\"font-weight: 400; text-align: justify;\">Dzi\u0119kuj\u0119 pani Zofii Brzozowskiej za przejrzenie tekstu i za cenne wskaz\u00f3wki, oraz wszystkim, kt\u00f3rzy s\u0142u\u017cyli mi swoimi uwagami. Wiele z tych uwag zosta\u0142o uwzgl\u0119dnionych w opracowaniu, jednak odpowiedzialno\u015b\u0107 za ostateczn\u0105 tre\u015b\u0107 i form\u0119 tekstu spoczywa na mnie jako autorze opracowania.<\/p>\n","protected":false},"excerpt":{"rendered":"<p>To jest pytanie cz\u0119sto zadawane przyrodnikom przez ludzi, kt\u00f3rzy zobaczywszy samotnie siedz\u0105cego ptaszka zabieraj\u0105 go ze sob\u0105, s\u0105dz\u0105c, \u017ce potrzebuje ludzkiej pomocy. W wi\u0119kszo\u015bci przypadk\u00f3w tak jednak nie jest. Najcz\u0119\u015bciej znajdywane s\u0105 wiosn\u0105 i latem ptaki m\u0142ode, kt\u00f3re dopiero co opu\u015bci\u0142y gniazdo i s\u0142abo, lub prawie wcale nie lataj\u0105. M\u0142odego ptaka, tzw. podlota, mo\u017cna pozna\u0107 po kr\u00f3tkim ogonku, gdy\u017c cz\u0119sto ma niewyro\u015bni\u0119te jeszcze ster\u00f3wki czyli pi\u00f3ra ogona i po zajadach \u2013 \u017c\u00f3\u0142tawych zgrubieniach u nasady dzioba. Na zdj\u0119ciu po lewej stronie dzi\u00f3b m\u0142odego ptaka, podlota, z zajadami (kopciuszka). Po prawej stronie, g\u0142owa starszego ptaka, u nasady dzioba nie ma ju\u017c\u2026 <a class=\"continue-reading-link\" href=\"https:\/\/mto-kr.pl\/wp\/znalazlem-ptaka-co-robic\/\">Czytaj dalej&#8230;<\/a><\/p>\n","protected":false},"author":1,"featured_media":0,"parent":0,"menu_order":100,"comment_status":"closed","ping_status":"closed","template":"","meta":{"_monsterinsights_skip_tracking":false,"_monsterinsights_sitenote_active":false,"_monsterinsights_sitenote_note":"","_monsterinsights_sitenote_category":0,"footnotes":""},"class_list":["post-27","page","type-page","status-publish","hentry"],"_links":{"self":[{"href":"https:\/\/mto-kr.pl\/wp\/wp-json\/wp\/v2\/pages\/27","targetHints":{"allow":["GET"]}}],"collection":[{"href":"https:\/\/mto-kr.pl\/wp\/wp-json\/wp\/v2\/pages"}],"about":[{"href":"https:\/\/mto-kr.pl\/wp\/wp-json\/wp\/v2\/types\/page"}],"author":[{"embeddable":true,"href":"https:\/\/mto-kr.pl\/wp\/wp-json\/wp\/v2\/users\/1"}],"replies":[{"embeddable":true,"href":"https:\/\/mto-kr.pl\/wp\/wp-json\/wp\/v2\/comments?post=27"}],"version-history":[{"count":13,"href":"https:\/\/mto-kr.pl\/wp\/wp-json\/wp\/v2\/pages\/27\/revisions"}],"predecessor-version":[{"id":367,"href":"https:\/\/mto-kr.pl\/wp\/wp-json\/wp\/v2\/pages\/27\/revisions\/367"}],"wp:attachment":[{"href":"https:\/\/mto-kr.pl\/wp\/wp-json\/wp\/v2\/media?parent=27"}],"curies":[{"name":"wp","href":"https:\/\/api.w.org\/{rel}","templated":true}]}}