{"id":3942,"date":"2024-09-26T13:23:51","date_gmt":"2024-09-26T11:23:51","guid":{"rendered":"https:\/\/mto-kr.pl\/wp\/?page_id=3942"},"modified":"2024-12-10T21:00:02","modified_gmt":"2024-12-10T20:00:02","slug":"zerowanie-i-pokarm","status":"publish","type":"page","link":"https:\/\/mto-kr.pl\/wp\/zerowanie-i-pokarm\/","title":{"rendered":"\u017berowanie i pokarm"},"content":{"rendered":"<p style=\"text-align: justify;\">Pomurnik \u017ceruje zazwyczaj samotnie i porusza si\u0119 najcz\u0119\u015bciej kr\u00f3tkimi skokami, czasem skrada si\u0119 do ofiary lub nawet chodzi po pionowych \u015bcianach, czemu towarzysz\u0105 szybkie i regularne uderzenia skrzyde\u0142. Cz\u0119ste trzepotanie skrzyd\u0142ami s\u0142u\u017cy r\u00f3wnie\u017c do eksponowania czerwonej barwy i bia\u0142ych plam, co najwyra\u017aniej ma istotne znaczenie sygnalizacyjne i kontaktowe. Prawdopodobnie takie zachowanie jest uzupe\u0142nieniem g\u0142os\u00f3w kontaktowych, kt\u00f3re na og\u00f3\u0142 s\u0105 bardzo ciche i s\u0142abo s\u0142yszalne z wi\u0119kszej odleg\u0142o\u015bci. Pomurnik zbiera pokarm z powierzchni ska\u0142, w\u015br\u00f3d ro\u015blinno\u015bci na p\u00f3\u0142kach, wchodzi r\u00f3wnie\u017c do r\u00f3\u017cnego rodzaju dziur i szczelin. Potrafi tak\u017ce \u0142apa\u0107 owady w locie, zawisa\u0107 w powietrzu, a nawet szuka\u0107 po\u017cywienia na ziemi, przewracaj\u0105c \u015bci\u00f3\u0142k\u0119 i ma\u0142e kamienie. W okresie zimowym aktywnie broni swoich terytori\u00f3w \u017cerowiskowych, kt\u00f3re mog\u0105 obejmowa\u0107 pojedynczy masyw skalny, kilka kamienio\u0142om\u00f3w lub fragmenty budynk\u00f3w. Pomurniki zimuj\u0105ce na terenach zabudowanych w poszukiwaniu pokarmu penetruj\u0105 \u015bciany i dachy r\u00f3\u017cnych murowanych i drewnianych budynk\u00f3w.<\/p>\n<p style=\"text-align: justify;\">Pokarm pomurnika stanowi\u0105 g\u0142\u00f3wnie ma\u0142e i niekt\u00f3re wi\u0119ksze owady, w tym postacie doros\u0142e, larwy i jaja. Poluje tak\u017ce na paj\u0105ki (Araneae) i inne bezkr\u0119gowce. W Europie zaobserwowano du\u017ce r\u00f3\u017cnice w diecie zimowej i letniej \u2013 hibernuj\u0105ce much\u00f3wki (Diptera) i paj\u0105ki s\u0105 podstaw\u0105 pokarmu zim\u0105, a s\u00f3wkowate (<em>Noctuidae<\/em>) i prostoskrzyd\u0142e (Orthoptera) dominuj\u0105 w okresie karmienia piskl\u0105t. W\u015br\u00f3d zidentyfikowanych ofiar pomurnika znajduj\u0105 si\u0119: wa\u017cki (Odonata), widelnice (Plecoptera), koniki polne i \u015bwierszcze, skorki (Dermaptera), pluskwiaki (Hemiptera, w tym mszyce Aphidoidea), imago i larwy motyli (Lepidoptera), much\u00f3wki (np. z rodzin <em>Tipulidae<\/em>, <em>Asilidae<\/em>, <em>Syrphidae<\/em> i <em>Muscidae<\/em>), mr\u00f3wki i pszczo\u0142y (Hymenoptera), chrz\u0105szcze (m.in. z rodzin <em>Curculionidae<\/em>, <em>Carabidae<\/em>, <em>Scarabaeidae<\/em>), paj\u0105ki i kosarze (Opiliones), roztocze (Acari), r\u00f3wnonogi (Isopoda), pareczniki (Chilopoda) i ma\u0142e mi\u0119czaki (Gastropoda).<\/p>\n<p><em>Opracowa\u0142: Stanis\u0142aw Bro\u0144ski<\/em><\/p>\n","protected":false},"excerpt":{"rendered":"<p>Pomurnik \u017ceruje zazwyczaj samotnie i porusza si\u0119 najcz\u0119\u015bciej kr\u00f3tkimi skokami, czasem skrada si\u0119 do ofiary lub nawet chodzi po pionowych \u015bcianach, czemu towarzysz\u0105 szybkie i regularne uderzenia skrzyde\u0142. Cz\u0119ste trzepotanie skrzyd\u0142ami s\u0142u\u017cy r\u00f3wnie\u017c do eksponowania czerwonej barwy i bia\u0142ych plam, co najwyra\u017aniej ma istotne znaczenie sygnalizacyjne i kontaktowe. Prawdopodobnie takie zachowanie jest uzupe\u0142nieniem g\u0142os\u00f3w kontaktowych, kt\u00f3re na og\u00f3\u0142 s\u0105 bardzo ciche i s\u0142abo s\u0142yszalne z wi\u0119kszej odleg\u0142o\u015bci. Pomurnik zbiera pokarm z powierzchni ska\u0142, w\u015br\u00f3d ro\u015blinno\u015bci na p\u00f3\u0142kach, wchodzi r\u00f3wnie\u017c do r\u00f3\u017cnego rodzaju dziur i szczelin. Potrafi tak\u017ce \u0142apa\u0107 owady w locie, zawisa\u0107 w powietrzu, a nawet szuka\u0107 po\u017cywienia na ziemi,\u2026 <a class=\"continue-reading-link\" href=\"https:\/\/mto-kr.pl\/wp\/zerowanie-i-pokarm\/\">Czytaj dalej&#8230;<\/a><\/p>\n","protected":false},"author":1,"featured_media":0,"parent":0,"menu_order":12,"comment_status":"closed","ping_status":"closed","template":"","meta":{"_monsterinsights_skip_tracking":false,"_monsterinsights_sitenote_active":false,"_monsterinsights_sitenote_note":"","_monsterinsights_sitenote_category":0,"footnotes":""},"class_list":["post-3942","page","type-page","status-publish","hentry"],"_links":{"self":[{"href":"https:\/\/mto-kr.pl\/wp\/wp-json\/wp\/v2\/pages\/3942","targetHints":{"allow":["GET"]}}],"collection":[{"href":"https:\/\/mto-kr.pl\/wp\/wp-json\/wp\/v2\/pages"}],"about":[{"href":"https:\/\/mto-kr.pl\/wp\/wp-json\/wp\/v2\/types\/page"}],"author":[{"embeddable":true,"href":"https:\/\/mto-kr.pl\/wp\/wp-json\/wp\/v2\/users\/1"}],"replies":[{"embeddable":true,"href":"https:\/\/mto-kr.pl\/wp\/wp-json\/wp\/v2\/comments?post=3942"}],"version-history":[{"count":5,"href":"https:\/\/mto-kr.pl\/wp\/wp-json\/wp\/v2\/pages\/3942\/revisions"}],"predecessor-version":[{"id":4134,"href":"https:\/\/mto-kr.pl\/wp\/wp-json\/wp\/v2\/pages\/3942\/revisions\/4134"}],"wp:attachment":[{"href":"https:\/\/mto-kr.pl\/wp\/wp-json\/wp\/v2\/media?parent=3942"}],"curies":[{"name":"wp","href":"https:\/\/api.w.org\/{rel}","templated":true}]}}