{"id":4175,"date":"2024-12-24T09:31:39","date_gmt":"2024-12-24T08:31:39","guid":{"rendered":"https:\/\/mto-kr.pl\/wp\/?page_id=4175"},"modified":"2024-12-24T10:04:29","modified_gmt":"2024-12-24T09:04:29","slug":"2024-4","status":"publish","type":"page","link":"https:\/\/mto-kr.pl\/wp\/2024-4\/","title":{"rendered":"2024"},"content":{"rendered":"<p style=\"text-align: justify;\">Ma\u0142opolskie Towarzystwo Ornitologiczne (MTO) rozpocz\u0119\u0142o wsp\u00f3\u0142prac\u0119 w badaniach i ochronie bociana bia\u0142ego w obszarze dzia\u0142ania Energa Operator w 2022 roku.<\/p>\n<p style=\"text-align: justify;\">W 2024 roku zaobr\u0105czkowali\u015bmy w obszarze dzia\u0142ania Energa Operator \u00a0\u0142\u0105cznie 667 piskl\u0105t w 233 gniazdach. Obr\u0105czkowanie przeprowadzono na obszarze\u00a0 39 gmin po\u0142o\u017conych na obszarze 4 wojew\u00f3dztw. Obr\u0105czkowanie mo\u017cliwe by\u0142o dzi\u0119ki Pa\u0144stwa finansowemu wsparciu za kt\u00f3re bardzo dzi\u0119kujemy.<\/p>\n<p><a href=\"https:\/\/mto-kr.pl\/wp\/wp-content\/uploads\/2024\/12\/fd-scaled.jpg\"><img loading=\"lazy\" decoding=\"async\" class=\"aligncenter wp-image-4194 size-large\" src=\"https:\/\/mto-kr.pl\/wp\/wp-content\/uploads\/2024\/12\/fd-1024x688.jpg\" alt=\"\" width=\"920\" height=\"618\" srcset=\"https:\/\/mto-kr.pl\/wp\/wp-content\/uploads\/2024\/12\/fd-1024x688.jpg 1024w, https:\/\/mto-kr.pl\/wp\/wp-content\/uploads\/2024\/12\/fd-300x201.jpg 300w, https:\/\/mto-kr.pl\/wp\/wp-content\/uploads\/2024\/12\/fd-768x516.jpg 768w, https:\/\/mto-kr.pl\/wp\/wp-content\/uploads\/2024\/12\/fd-1536x1032.jpg 1536w, https:\/\/mto-kr.pl\/wp\/wp-content\/uploads\/2024\/12\/fd-2048x1375.jpg 2048w, https:\/\/mto-kr.pl\/wp\/wp-content\/uploads\/2024\/12\/fd-18x12.jpg 18w, https:\/\/mto-kr.pl\/wp\/wp-content\/uploads\/2024\/12\/fd-521x350.jpg 521w, https:\/\/mto-kr.pl\/wp\/wp-content\/uploads\/2024\/12\/fd-150x101.jpg 150w\" sizes=\"auto, (max-width: 920px) 100vw, 920px\" \/><\/a><\/p>\n<p style=\"text-align: justify;\">Tegoroczny sezon by\u0142 dla naszej wsp\u00f3\u0142pracy w ramach programu wyj\u0105tkowo udany. <strong>Zaobr\u0105czkowali\u015bmy o blisko 80 piskl\u0105t wi\u0119cej ni\u017c w roku ubieg\u0142ym.<\/strong><\/p>\n<p style=\"text-align: justify;\">W okresie dotychczasowych 3 lat naszej wsp\u00f3\u0142pracy zaobr\u0105czkowali\u015bmy ju\u017c \u0142\u0105cznie 1\u00a0526 piskl\u0105t w 590 gniazdach. Ten rok by\u0142 r\u00f3wnie\u017c wyj\u0105tkowy pod wzgl\u0119dem liczby piskl\u0105t, kt\u00f3re opu\u015bci\u0142y gniazda. \u015arednio w 2024 roku na 1 gniazdo, gdzie wykonali\u015bmy obr\u0105czkowanie przypad\u0142o a\u017c 2,9 piskl\u0119cia, podczas gdy w roku 2023 \u015brednia ta wynios\u0142a tylko 2,3 m\u0142odego (wska\u017anik JZm).<\/p>\n<p style=\"text-align: justify;\">Tegoroczny sezon by\u0142 te\u017c bardzo udany dla bocian\u00f3w. \u015awiadczy o tym nie tylko wysoki wska\u017anik produkcji m\u0142odych (Jzm) ale te\u017c niespotykana dotychczas ilo\u015b\u0107 gniazd z odchowanymi 5 piskl\u0119tami. O ile w poprzednich sezonach liczba takich gniazd nie przekracza\u0142a 4 w sezonie o tyle w tym roku mieli\u015bmy na obszarze dzia\u0142ania Energa Operator a\u017c 11 gniazd z 5 m\u0142odymi.<\/p>\n<p><a href=\"https:\/\/mto-kr.pl\/wp\/wp-content\/uploads\/2024\/12\/ddf-scaled.jpg\"><img loading=\"lazy\" decoding=\"async\" class=\"aligncenter wp-image-4195 size-large\" src=\"https:\/\/mto-kr.pl\/wp\/wp-content\/uploads\/2024\/12\/ddf-1024x670.jpg\" alt=\"\" width=\"920\" height=\"602\" srcset=\"https:\/\/mto-kr.pl\/wp\/wp-content\/uploads\/2024\/12\/ddf-1024x670.jpg 1024w, https:\/\/mto-kr.pl\/wp\/wp-content\/uploads\/2024\/12\/ddf-300x196.jpg 300w, https:\/\/mto-kr.pl\/wp\/wp-content\/uploads\/2024\/12\/ddf-768x503.jpg 768w, https:\/\/mto-kr.pl\/wp\/wp-content\/uploads\/2024\/12\/ddf-1536x1005.jpg 1536w, https:\/\/mto-kr.pl\/wp\/wp-content\/uploads\/2024\/12\/ddf-2048x1340.jpg 2048w, https:\/\/mto-kr.pl\/wp\/wp-content\/uploads\/2024\/12\/ddf-18x12.jpg 18w, https:\/\/mto-kr.pl\/wp\/wp-content\/uploads\/2024\/12\/ddf-535x350.jpg 535w, https:\/\/mto-kr.pl\/wp\/wp-content\/uploads\/2024\/12\/ddf-150x98.jpg 150w\" sizes=\"auto, (max-width: 920px) 100vw, 920px\" \/><\/a><\/p>\n<p style=\"text-align: justify;\">Te dane o dobrym roku dla bocianiego przych\u00f3wku ciesz\u0105 ale nie mog\u0105 by\u0107 powodem do nadmiernej rado\u015bci i dawa\u0107 przekonanie, \u017ce bocianom bia\u0142ym w Polsce dzieje si\u0119 dobrze. Rok 2024 to r\u00f3wnie\u017c czas bocianiego spisu gniazd przeprowadzonego na terenie ca\u0142ej Polski, kt\u00f3ry odbywa si\u0119 co 10 lat. Wst\u0119pne wyniki uzyskane dla ca\u0142ego kraju wskazuj\u0105, \u017ce liczba par l\u0119gowych zmniejszy\u0142a si\u0119 w stosunku do roku 2014 o ok. 10%. Utrzymuje si\u0119 wi\u0119c niestety tendencja spadkowa populacji l\u0119gowej, gdy\u017c w 2014 roku wykazana liczebno\u015b\u0107 by\u0142a ni\u017csza a\u017c o 20% w stosunku do roku 2004. Na obszarze dzia\u0142a\u0142ania Energa Operator spadek gniazduj\u0105cej populacji w stosunku do roku 2014 wyni\u00f3s\u0142 wed\u0142ug danych szacunkowych oko\u0142o 20%.<\/p>\n<div id=\"attachment_4196\" style=\"width: 930px\" class=\"wp-caption aligncenter\"><a href=\"https:\/\/mto-kr.pl\/wp\/wp-content\/uploads\/2024\/12\/fsdf.jpg\"><img loading=\"lazy\" decoding=\"async\" aria-describedby=\"caption-attachment-4196\" class=\"wp-image-4196 size-large\" src=\"https:\/\/mto-kr.pl\/wp\/wp-content\/uploads\/2024\/12\/fsdf-1024x768.jpg\" alt=\"\" width=\"920\" height=\"690\" srcset=\"https:\/\/mto-kr.pl\/wp\/wp-content\/uploads\/2024\/12\/fsdf-1024x768.jpg 1024w, https:\/\/mto-kr.pl\/wp\/wp-content\/uploads\/2024\/12\/fsdf-300x225.jpg 300w, https:\/\/mto-kr.pl\/wp\/wp-content\/uploads\/2024\/12\/fsdf-768x576.jpg 768w, https:\/\/mto-kr.pl\/wp\/wp-content\/uploads\/2024\/12\/fsdf-1536x1152.jpg 1536w, https:\/\/mto-kr.pl\/wp\/wp-content\/uploads\/2024\/12\/fsdf-16x12.jpg 16w, https:\/\/mto-kr.pl\/wp\/wp-content\/uploads\/2024\/12\/fsdf-467x350.jpg 467w, https:\/\/mto-kr.pl\/wp\/wp-content\/uploads\/2024\/12\/fsdf-150x113.jpg 150w, https:\/\/mto-kr.pl\/wp\/wp-content\/uploads\/2024\/12\/fsdf.jpg 2048w\" sizes=\"auto, (max-width: 920px) 100vw, 920px\" \/><\/a><p id=\"caption-attachment-4196\" class=\"wp-caption-text\">Gniazdo z 5 piskl\u0119tami. Przodkowo, pomorskie &#8211; 04.07.24 (fot. K. Pilarska)<\/p><\/div>\n<p style=\"text-align: justify;\">Do 22.10.2024 roku otrzymali\u015bmy <strong>272 wiadomo\u015bci powrotne o 156 osobnikach<\/strong> zaobr\u0105czkowanych na obszarze dzia\u0142ania ENERGA Operator od pocz\u0105tku naszej wsp\u00f3\u0142pracy.<\/p>\n<p><a href=\"https:\/\/mto-kr.pl\/wp\/wp-content\/uploads\/2024\/12\/jh-scaled.jpg\"><img loading=\"lazy\" decoding=\"async\" class=\"aligncenter wp-image-4197 size-large\" src=\"https:\/\/mto-kr.pl\/wp\/wp-content\/uploads\/2024\/12\/jh-1024x688.jpg\" alt=\"\" width=\"920\" height=\"618\" srcset=\"https:\/\/mto-kr.pl\/wp\/wp-content\/uploads\/2024\/12\/jh-1024x688.jpg 1024w, https:\/\/mto-kr.pl\/wp\/wp-content\/uploads\/2024\/12\/jh-300x201.jpg 300w, https:\/\/mto-kr.pl\/wp\/wp-content\/uploads\/2024\/12\/jh-768x516.jpg 768w, https:\/\/mto-kr.pl\/wp\/wp-content\/uploads\/2024\/12\/jh-1536x1032.jpg 1536w, https:\/\/mto-kr.pl\/wp\/wp-content\/uploads\/2024\/12\/jh-2048x1375.jpg 2048w, https:\/\/mto-kr.pl\/wp\/wp-content\/uploads\/2024\/12\/jh-18x12.jpg 18w, https:\/\/mto-kr.pl\/wp\/wp-content\/uploads\/2024\/12\/jh-521x350.jpg 521w, https:\/\/mto-kr.pl\/wp\/wp-content\/uploads\/2024\/12\/jh-150x101.jpg 150w\" sizes=\"auto, (max-width: 920px) 100vw, 920px\" \/><\/a><\/p>\n<p style=\"text-align: justify;\">Wiadomo, \u017ce bociany lec\u0105 znacznie dalej ni\u017c wynika\u0142oby to z wiadomo\u015bci powrotnych uzyskanych tylko z obr\u0105czkowania. Wed\u0142ug danych z przedstawionej mapy mo\u017cna wnioskowa\u0107, \u017ce bociany z zachodniej Polski zimuj\u0105 najdalej w p\u00f3\u0142nocnej Afryce. Oczywi\u015bcie jest to nieprawda. Po prostu obr\u0105czkowane ptaki nie s\u0105 odczytywane przez Afryka\u0144czyk\u00f3w albo informacje o odczytanych ptakach \u017cywych lub martwych nie s\u0105 przekazywane. Przed nami jeszcze du\u017co pracy edukacyjnej w\u0142a\u015bnie tam na \u201eCzarnym L\u0105dzie\u201d. To b\u0119dzie wielkie wyzwanie. U nas na miejscu wa\u017cne jest odnawianie (naprawa) bocianich gniazd oraz kontynuowanie obr\u0105czkowania piskl\u0105t.<\/p>\n<p style=\"text-align: justify;\">Opr\u00f3cz obr\u0105czkowania wa\u017cne jest zak\u0142adanie nadjnik\u00f3w GPS-GSM. Niestety metoda wci\u0105\u017c bardzo droga ale przynosz\u0105ca ogromn\u0105 wiedz\u0119 o migracjach ptak\u00f3w. Na dow\u00f3d tego pokazujemy map\u0119 przemieszcze\u0144 jednego z bocian\u00f3w z za\u0142o\u017conym nadajnikiem. Bocian zosta\u0142 zaobr\u0105czkowany w dniu 01.07.2022 w gnie\u017adzie przy ul. D\u0142ugiej 24a w Przeworsku. Osobnik ten standardowo mia\u0142 za\u0142o\u017con\u0105 obr\u0105czk\u0119 metalow\u0105 oraz plastikow\u0105 w kolorze zielonym, daj\u0105c\u0105 mo\u017cliwo\u015b\u0107 odczytu z dalszej odleg\u0142o\u015bci. W dniu 05.07.2022 zosta\u0142 mu za\u0142o\u017cony nadajnik GPS-GSM a bocian otrzyma\u0142 imi\u0119 \u201ePrezes\u201d. Dotychczas nie mamy o nim \u017cadnej wiadomo\u015bci pochodz\u0105cej z odczytu obr\u0105czek !!!! \u201ePrezes\u201d w okresie 841 dni swojego \u017cycia (stan na dzie\u0144 23.10.2024) odwiedzi\u0142 ju\u017c 10 kraj\u00f3w Czarnego L\u0105du od Mozambiku i Malawi po Egipt z delt\u0105 Nilu w\u0142\u0105cznie, pokonuj\u0105c przy tym ponad 76 000 km. Jest to pomiar wszystkich przemieszcze\u0144 \u2013 zar\u00f3wno w czasie lotu jak i poszukiwania pokarmu na ziemi. Je\u015bli bocian wznosi\u0142 si\u0119 w kominie powietrznym na dan\u0105 wysoko\u015b\u0107, przelot taki tak\u017ce by\u0142 odnotowywany. Oznacza to, \u017ce przebyty dystans jest zapewne kr\u00f3tszy, gdyby mierzy\u0107 go w linii prostej. Obecnie bocian trzyma si\u0119 pogranicza etiopsko-kenijskiego.<\/p>\n<p><a href=\"https:\/\/mto-kr.pl\/wp\/wp-content\/uploads\/2024\/12\/d.png\"><img loading=\"lazy\" decoding=\"async\" class=\"aligncenter wp-image-4198 size-large\" src=\"https:\/\/mto-kr.pl\/wp\/wp-content\/uploads\/2024\/12\/d-925x1024.png\" alt=\"\" width=\"920\" height=\"1018\" srcset=\"https:\/\/mto-kr.pl\/wp\/wp-content\/uploads\/2024\/12\/d-925x1024.png 925w, https:\/\/mto-kr.pl\/wp\/wp-content\/uploads\/2024\/12\/d-271x300.png 271w, https:\/\/mto-kr.pl\/wp\/wp-content\/uploads\/2024\/12\/d-768x850.png 768w, https:\/\/mto-kr.pl\/wp\/wp-content\/uploads\/2024\/12\/d-1388x1536.png 1388w, https:\/\/mto-kr.pl\/wp\/wp-content\/uploads\/2024\/12\/d-11x12.png 11w, https:\/\/mto-kr.pl\/wp\/wp-content\/uploads\/2024\/12\/d-316x350.png 316w, https:\/\/mto-kr.pl\/wp\/wp-content\/uploads\/2024\/12\/d-136x150.png 136w, https:\/\/mto-kr.pl\/wp\/wp-content\/uploads\/2024\/12\/d.png 1666w\" sizes=\"auto, (max-width: 920px) 100vw, 920px\" \/><\/a><\/p>\n<p style=\"text-align: justify;\">Informacje o naszym programie oraz Pa\u0144stwa wsparciu w projekcie (m.in. logo ENERGA Operator) zamieszczane s\u0105 na stronie internetowej MTO na Facebooku oraz na grupie dyskusyjnej na Facebooku &#8211; MTO &#8211; obserwacje ptak\u00f3w, w kt\u00f3rej uczestniczy 1 700 cz\u0142onk\u00f3w. Informacje o wsp\u00f3\u0142pracy zamieszczane s\u0105 tak\u017ce na naszej mailowej grupie dyskusyjnej REGION i na naszej stronie internetowej www.mto-kr.pl. Nasza strona internetowa jest cz\u0119sto odwiedzana przez internaut\u00f3w. W latach 2023-2024 odnotowali\u015bmy ponad 400 000 ods\u0142on.<\/p>\n<p style=\"text-align: justify;\">Sprawozdanie z dzia\u0142a\u0144 w roku 2024 zosta\u0142o zamieszczone r\u00f3wnie\u017c na kilku grupach facebookowych o tematyce ornitologicznej, m.in.: \u201eMi\u0142o\u015bnicy i obserwatorzy ptak\u00f3w\u201d \u2013 12 526 cz\u0142onk\u00f3w, \u201eObr\u0105czkowanie i inne metody znakowania ptak\u00f3w w Polsce\u201d\u00a0 \u2013 1 173 cz\u0142onk\u00f3w.<\/p>\n<p style=\"text-align: justify;\">Sprawozdanie z naszych dzia\u0142a\u0144 w 2024 roku w ramach wsp\u00f3\u0142pracy m.in. z ENERGA Operator zamieszczono r\u00f3wnie\u017c na angloj\u0119zycznych grupach facebookowych: LeylekEL (Storkland) \u2013 2 971 cz\u0142onk\u00f3w i SOS Tesla \u2013 Save White Stork \u2013 3 601 cz\u0142onk\u00f3w. Artyku\u0142 o Programie poznania i ochrony bociana bia\u0142ego w Polsce, gdzie wymieniono ENERGA Operator jako partnera oraz zamieszczono logo firmy ukaza\u0142 si\u0119 w listopadzie 2024 w numerze nr 9 \u201ePomurnika\u201d \u2013 regionalnego pisma ornitologicznego MTO (nak\u0142ad 300 egz). W dniu 06 kwietnia 2024 r. na IV Wiosennym Zje\u017adzie MTO w Jastrz\u0119biu k\/Poraja zaprezentowano referat omawiaj\u0105cy nasz bociani Program jednocze\u015bnie podkre\u015blaj\u0105c owocn\u0105 wsp\u00f3\u0142prac\u0119 z firmami enegetycznymi w Polsce w tym z ENERGA Operator. W dniu 23 listopada Stanis\u0142aw Czy\u017c przedstawi\u0142 referat podsumowuj\u0105cy 5 lat trwania programu i wsp\u00f3\u0142pracy z firmami energetycznymi, w tym z ENERGA Operator na Zje\u017adzie Grupy Badawczej Bociana Bia\u0142ego we W\u0142odawie.<\/p>\n<div id=\"attachment_4189\" style=\"width: 930px\" class=\"wp-caption aligncenter\"><a href=\"https:\/\/mto-kr.pl\/wp\/wp-content\/uploads\/2024\/12\/weea-scaled.jpg\"><img loading=\"lazy\" decoding=\"async\" aria-describedby=\"caption-attachment-4189\" class=\"wp-image-4189 size-large\" src=\"https:\/\/mto-kr.pl\/wp\/wp-content\/uploads\/2024\/12\/weea-1024x576.jpg\" alt=\"\" width=\"920\" height=\"518\" srcset=\"https:\/\/mto-kr.pl\/wp\/wp-content\/uploads\/2024\/12\/weea-1024x576.jpg 1024w, https:\/\/mto-kr.pl\/wp\/wp-content\/uploads\/2024\/12\/weea-300x169.jpg 300w, https:\/\/mto-kr.pl\/wp\/wp-content\/uploads\/2024\/12\/weea-768x432.jpg 768w, https:\/\/mto-kr.pl\/wp\/wp-content\/uploads\/2024\/12\/weea-1536x864.jpg 1536w, https:\/\/mto-kr.pl\/wp\/wp-content\/uploads\/2024\/12\/weea-2048x1152.jpg 2048w, https:\/\/mto-kr.pl\/wp\/wp-content\/uploads\/2024\/12\/weea-18x10.jpg 18w, https:\/\/mto-kr.pl\/wp\/wp-content\/uploads\/2024\/12\/weea-622x350.jpg 622w, https:\/\/mto-kr.pl\/wp\/wp-content\/uploads\/2024\/12\/weea-150x84.jpg 150w\" sizes=\"auto, (max-width: 920px) 100vw, 920px\" \/><\/a><p id=\"caption-attachment-4189\" class=\"wp-caption-text\">Stanis\u0142aw Czy\u017c przedstawia referat podsumowuj\u0105cy 5 lat \u201eProgramu poznania i ochrony bociana bia\u0142ego w Polsce\u201d podczas XII Zjazdu Grupy Badawczej Bociana Bia\u0142ego we W\u0142odawie (23.11.2024)<\/p><\/div>\n","protected":false},"excerpt":{"rendered":"<p>Ma\u0142opolskie Towarzystwo Ornitologiczne (MTO) rozpocz\u0119\u0142o wsp\u00f3\u0142prac\u0119 w badaniach i ochronie bociana bia\u0142ego w obszarze dzia\u0142ania Energa Operator w 2022 roku. W 2024 roku zaobr\u0105czkowali\u015bmy w obszarze dzia\u0142ania Energa Operator \u00a0\u0142\u0105cznie 667 piskl\u0105t w 233 gniazdach. Obr\u0105czkowanie przeprowadzono na obszarze\u00a0 39 gmin po\u0142o\u017conych na obszarze 4 wojew\u00f3dztw. Obr\u0105czkowanie mo\u017cliwe by\u0142o dzi\u0119ki Pa\u0144stwa finansowemu wsparciu za kt\u00f3re bardzo dzi\u0119kujemy. Tegoroczny sezon by\u0142 dla naszej wsp\u00f3\u0142pracy w ramach programu wyj\u0105tkowo udany. Zaobr\u0105czkowali\u015bmy o blisko 80 piskl\u0105t wi\u0119cej ni\u017c w roku ubieg\u0142ym. W okresie dotychczasowych 3 lat naszej wsp\u00f3\u0142pracy zaobr\u0105czkowali\u015bmy ju\u017c \u0142\u0105cznie 1\u00a0526 piskl\u0105t w 590 gniazdach. Ten rok by\u0142 r\u00f3wnie\u017c wyj\u0105tkowy pod wzgl\u0119dem\u2026 <a class=\"continue-reading-link\" href=\"https:\/\/mto-kr.pl\/wp\/2024-4\/\">Czytaj dalej&#8230;<\/a><\/p>\n","protected":false},"author":1,"featured_media":0,"parent":0,"menu_order":6,"comment_status":"closed","ping_status":"closed","template":"","meta":{"_monsterinsights_skip_tracking":false,"_monsterinsights_sitenote_active":false,"_monsterinsights_sitenote_note":"","_monsterinsights_sitenote_category":0,"footnotes":""},"class_list":["post-4175","page","type-page","status-publish","hentry"],"_links":{"self":[{"href":"https:\/\/mto-kr.pl\/wp\/wp-json\/wp\/v2\/pages\/4175","targetHints":{"allow":["GET"]}}],"collection":[{"href":"https:\/\/mto-kr.pl\/wp\/wp-json\/wp\/v2\/pages"}],"about":[{"href":"https:\/\/mto-kr.pl\/wp\/wp-json\/wp\/v2\/types\/page"}],"author":[{"embeddable":true,"href":"https:\/\/mto-kr.pl\/wp\/wp-json\/wp\/v2\/users\/1"}],"replies":[{"embeddable":true,"href":"https:\/\/mto-kr.pl\/wp\/wp-json\/wp\/v2\/comments?post=4175"}],"version-history":[{"count":5,"href":"https:\/\/mto-kr.pl\/wp\/wp-json\/wp\/v2\/pages\/4175\/revisions"}],"predecessor-version":[{"id":4199,"href":"https:\/\/mto-kr.pl\/wp\/wp-json\/wp\/v2\/pages\/4175\/revisions\/4199"}],"wp:attachment":[{"href":"https:\/\/mto-kr.pl\/wp\/wp-json\/wp\/v2\/media?parent=4175"}],"curies":[{"name":"wp","href":"https:\/\/api.w.org\/{rel}","templated":true}]}}